{"id":69,"date":"2018-08-30T13:57:07","date_gmt":"2018-08-30T16:57:07","guid":{"rendered":"https:\/\/clinicaairtonmaso.com.br\/site\/?page_id=69"},"modified":"2024-06-14T10:30:49","modified_gmt":"2024-06-14T13:30:49","slug":"galeria-de-fotos","status":"publish","type":"page","link":"https:\/\/clinicaairtonmaso.com.br\/site\/galeria-de-fotos\/","title":{"rendered":"Galeria de fotos"},"content":{"rendered":"<p>[et_pb_section fb_built=&#8221;1&#8243; _builder_version=&#8221;3.22&#8243; background_image=&#8221;https:\/\/clinicaairtonmaso.com.br\/site\/wp-content\/uploads\/2018\/08\/fundosorriso.jpg&#8221;][et_pb_row use_custom_gutter=&#8221;on&#8221; gutter_width=&#8221;1&#8243; make_equal=&#8221;on&#8221; module_class=&#8221; et_pb_row_fullwidth&#8221; _builder_version=&#8221;3.25&#8243; width=&#8221;100%&#8221; width_tablet=&#8221;100%&#8221; width_phone=&#8221;&#8221; width_last_edited=&#8221;on|desktop&#8221; max_width=&#8221;100%&#8221; max_width_tablet=&#8221;100%&#8221; max_width_phone=&#8221;&#8221; max_width_last_edited=&#8221;on|desktop&#8221; custom_margin=&#8221;1px|1px|1px|1px&#8221; custom_padding=&#8221;1px|1px|1px|1px&#8221; make_fullwidth=&#8221;on&#8221;][et_pb_column type=&#8221;4_4&#8243; _builder_version=&#8221;3.25&#8243; custom_padding=&#8221;1px|1px|1px|1px&#8221; custom_padding__hover=&#8221;|||&#8221;][et_pb_gallery gallery_ids=&#8221;70,71,72,73,74,35,34,33,32,31,36&#8243; posts_number=&#8221;15&#8243; show_title_and_caption=&#8221;off&#8221; show_pagination=&#8221;off&#8221; zoom_icon_color=&#8221;#e09900&#8243; _builder_version=&#8221;4.9.7&#8243; custom_margin=&#8221;|||1px&#8221; custom_padding=&#8221;|1px||1px&#8221; hover_enabled=&#8221;0&#8243; hover_overlay_color=&#8221;rgba(255,255,255,0.43)&#8221; sticky_enabled=&#8221;0&#8243;][\/et_pb_gallery][\/et_pb_column][\/et_pb_row][\/et_pb_section][et_pb_section fb_built=&#8221;1&#8243; _builder_version=&#8221;3.11.1&#8243; background_color=&#8221;#000000&#8243; global_module=&#8221;38&#8243;][et_pb_row column_structure=&#8221;1_4,1_4,1_4,1_4&#8243; module_class=&#8221; et_pb_row_fullwidth&#8221; _builder_version=&#8221;3.25&#8243; width=&#8221;89%&#8221; width_tablet=&#8221;80%&#8221; width_phone=&#8221;&#8221; width_last_edited=&#8221;on|desktop&#8221; max_width=&#8221;89%&#8221; max_width_tablet=&#8221;80%&#8221; max_width_phone=&#8221;&#8221; max_width_last_edited=&#8221;on|desktop&#8221; make_fullwidth=&#8221;on&#8221;][et_pb_column type=&#8221;1_4&#8243; _builder_version=&#8221;3.25&#8243; custom_padding=&#8221;|||&#8221; custom_padding__hover=&#8221;|||&#8221;][et_pb_text _builder_version=&#8221;4.9.7&#8243; text_orientation=&#8221;justified&#8221; background_layout=&#8221;dark&#8221; hover_enabled=&#8221;0&#8243; text_font_size=&#8221;12px&#8221; sticky_enabled=&#8221;0&#8243;]<\/p>\n<h3><span style=\"color: #ff9900;\">Sobre:<\/span><\/h3>\n<p>Dr Airton Jose Maso, hoje \u00e9 referencia em tratamentos ortod\u00f4nticos, com o objetivo de trazer felicidade e bem estar para seus pacientes. Seu trabalho \u00e9 apreciado por muitos profissionais que pontuam suas t\u00e9cnicas e avalia\u00e7\u00f5es clinicas em palestras e semin\u00e1rios Brasil a fora.<\/p>\n<h3><span style=\"color: #ff9900;\">Equipe:<\/span><\/h3>\n<ul>\n<li>Dr Airton Jose Maso<\/li>\n<\/ul>\n<h3><span style=\"color: #ff9900;\">Contatos:<\/span><\/h3>\n<p>Rua Ildefonso Borba Cordeiro<br \/>tel:.(41) 3077-0777<br \/>Cel:.(41)99845-0613<br \/>Batel Curitiba &#8211; PR<\/p>\n<p>[\/et_pb_text][\/et_pb_column][et_pb_column type=&#8221;1_4&#8243; _builder_version=&#8221;3.25&#8243; custom_padding=&#8221;|||&#8221; custom_padding__hover=&#8221;|||&#8221;][et_pb_text _builder_version=&#8221;4.9.7&#8243; text_orientation=&#8221;justified&#8221; background_layout=&#8221;dark&#8221; hover_enabled=&#8221;0&#8243; text_font_size=&#8221;12px&#8221; text_font=&#8221;|||on|||||&#8221; sticky_enabled=&#8221;0&#8243;]<\/p>\n<h3><span style=\"color: #ffcc00;\">Consultas :<\/span><\/h3>\n<p>SEGUNDA-FEIRA\u00a0 08:00 11:00 as 13;00 17:30<br \/>TER\u00c7A-FEIRA\u00a0 \u00a0 \u00a0 \u00a0 08:00 11:00 as 13;00 17:30<br \/>QUARTA-FEIRA\u00a0 \u00a0 \u00a008:00 11:00 as 13;00 17:30<br \/>QUINTA-FEIRA\u00a0 \u00a0 \u00a0 08:00 11:00 as 13;00 17:30<br \/>SEXTA-FEIRA\u00a0 \u00a0 \u00a0 \u00a0 08:00 11:00 as 13;00 17:30<\/p>\n<hr \/>\n<p><img loading=\"lazy\" decoding=\"async\" class=\"alignnone size-full wp-image-15\" src=\"https:\/\/clinicaairtonmaso.com.br\/site\/wp-content\/uploads\/2018\/08\/logo-1.png\" alt=\"\" width=\"219\" height=\"90\" \/><\/p>\n<p>[\/et_pb_text][\/et_pb_column][et_pb_column type=&#8221;1_4&#8243; _builder_version=&#8221;3.25&#8243; custom_padding=&#8221;|||&#8221; custom_padding__hover=&#8221;|||&#8221;][et_pb_text _builder_version=&#8221;4.9.7&#8243; text_orientation=&#8221;justified&#8221; background_layout=&#8221;dark&#8221; hover_enabled=&#8221;0&#8243; text_font_size=&#8221;12px&#8221; sticky_enabled=&#8221;0&#8243;]<\/p>\n<h3><span style=\"color: #ffcc00;\">Conte\u00fado:\u00a0<\/span><\/h3>\n<ul>\n<li>A Ortodontia \u00e9 a especialidade da Odontologia relacionada ao estudo, preven\u00e7\u00e3o e tratamento dos problemas de crescimento, desenvolvimento e amadurecimento da face, dos arcos dent\u00e1rios e da oclus\u00e3o, ou seja, disfun\u00e7\u00f5es dento-faciais.<\/li>\n<\/ul>\n<h3><span style=\"color: #ffcc00;\">Damon:<\/span><\/h3>\n<ul>\n<li>O sistema Damon \u00e9 um aparelho avan\u00e7ado, desenhado e aperfei\u00e7oado de arco reto que ajuda os profissionais a harmonizar a biologia com as mec\u00e2nicas de tratamento utilizando for\u00e7as mais suaves para conseguir resultados excepcionais de forma simples.<\/li>\n<\/ul>\n<p>[\/et_pb_text][\/et_pb_column][et_pb_column type=&#8221;1_4&#8243; _builder_version=&#8221;3.25&#8243; custom_padding=&#8221;|||&#8221; custom_padding__hover=&#8221;|||&#8221;][et_pb_text _builder_version=&#8221;4.9.7&#8243; text_orientation=&#8221;justified&#8221; background_layout=&#8221;dark&#8221; hover_enabled=&#8221;0&#8243; text_font_size=&#8221;12px&#8221; sticky_enabled=&#8221;0&#8243;]<\/p>\n<h3><span style=\"color: #ffcc00;\">\u00a0Privacidade:<\/span><\/h3>\n<ul>\n<li>A \u00a0&#8220;<span style=\"color: #ffcc00;\">A Cl\u00ednica Airton Maso<\/span>&#8221; zela pela privacidade e prote\u00e7\u00e3o dos dados pessoais de seus clientes e visitantes, mantendo assim a rela\u00e7\u00e3o de confian\u00e7a, respeito e transpar\u00eancia. Apenas pessoal qualificado e autorizado tem permiss\u00e3o para acessar os dados coletados. Em nenhuma circunst\u00e2ncia, tais informa\u00e7\u00f5es s\u00e3o vendidas ou compartilhadas com terceiros.<\/li>\n<\/ul>\n<p>[\/et_pb_text][\/et_pb_column][\/et_pb_row][\/et_pb_section]<\/p>\n","protected":false},"excerpt":{"rendered":"<p>Sobre: Dr Airton Jose Maso, hoje \u00e9 referencia em tratamentos ortod\u00f4nticos, com o objetivo de trazer felicidade e bem estar para seus pacientes. Seu trabalho \u00e9 apreciado por muitos profissionais que pontuam suas t\u00e9cnicas e avalia\u00e7\u00f5es clinicas em palestras e semin\u00e1rios Brasil a fora. Equipe: Dr Airton Jose Maso Contatos: Rua Ildefonso Borba Cordeirotel:.(41) 3077-0777Cel:.(41)99845-0613Batel [&hellip;]<\/p>\n","protected":false},"author":1,"featured_media":0,"parent":0,"menu_order":0,"comment_status":"closed","ping_status":"closed","template":"","meta":{"_et_pb_use_builder":"on","_et_pb_old_content":"","_et_gb_content_width":"","footnotes":""},"class_list":["post-69","page","type-page","status-publish","hentry"],"_links":{"self":[{"href":"https:\/\/clinicaairtonmaso.com.br\/site\/wp-json\/wp\/v2\/pages\/69","targetHints":{"allow":["GET"]}}],"collection":[{"href":"https:\/\/clinicaairtonmaso.com.br\/site\/wp-json\/wp\/v2\/pages"}],"about":[{"href":"https:\/\/clinicaairtonmaso.com.br\/site\/wp-json\/wp\/v2\/types\/page"}],"author":[{"embeddable":true,"href":"https:\/\/clinicaairtonmaso.com.br\/site\/wp-json\/wp\/v2\/users\/1"}],"replies":[{"embeddable":true,"href":"https:\/\/clinicaairtonmaso.com.br\/site\/wp-json\/wp\/v2\/comments?post=69"}],"version-history":[{"count":8,"href":"https:\/\/clinicaairtonmaso.com.br\/site\/wp-json\/wp\/v2\/pages\/69\/revisions"}],"predecessor-version":[{"id":2329,"href":"https:\/\/clinicaairtonmaso.com.br\/site\/wp-json\/wp\/v2\/pages\/69\/revisions\/2329"}],"wp:attachment":[{"href":"https:\/\/clinicaairtonmaso.com.br\/site\/wp-json\/wp\/v2\/media?parent=69"}],"curies":[{"name":"wp","href":"https:\/\/api.w.org\/{rel}","templated":true}]}}