{"id":2341,"date":"2024-06-14T12:46:42","date_gmt":"2024-06-14T15:46:42","guid":{"rendered":"https:\/\/clinicaairtonmaso.com.br\/site\/?page_id=2341"},"modified":"2024-06-14T13:26:22","modified_gmt":"2024-06-14T16:26:22","slug":"politica-de-privacidade","status":"publish","type":"page","link":"https:\/\/clinicaairtonmaso.com.br\/site\/politica-de-privacidade\/","title":{"rendered":"Pol\u00edtica de Privacidade"},"content":{"rendered":"<p><img loading=\"lazy\" decoding=\"async\" class=\"size-full wp-image-15 aligncenter\" src=\"https:\/\/clinicaairtonmaso.com.br\/site\/wp-content\/uploads\/2018\/08\/logo-1.png\" alt=\"\" width=\"219\" height=\"90\" \/><\/p>\n<h6 style=\"text-align: left;\"><strong>Par\u00e2metros de seguran\u00e7a\u00a0<\/strong><\/h6>\n<ul>\n<li style=\"text-align: left;\"><em>p\u00e1ginas de contato; Sim<\/em><\/li>\n<li style=\"text-align: left;\"><em>formul\u00e1rios para inscri\u00e7\u00e3o em newsletters e landing pages; Sim<\/em><\/li>\n<li style=\"text-align: left;\"><em>pol\u00edticas de privacidade; Sim<\/em><\/li>\n<li style=\"text-align: left;\"><em>seguran\u00e7a do site; Sim<\/em><\/li>\n<li style=\"text-align: left;\"><em>uso de cookies; Sim<\/em><\/li>\n<li style=\"text-align: left;\"><em style=\"color: #333333;\">requisitos para inibir a viola\u00e7\u00e3o de dados; Sim (n\u00e3o ficamos com dados no website)<\/em><\/li>\n<\/ul>\n<p>&#8212;&#8212;&#8212;&#8212;&#8212;&#8212;&#8212;&#8212;&#8212;&#8212;&#8212;&#8212;&#8212;&#8212;&#8212;&#8212;&#8212;&#8212;&#8212;&#8212;&#8212;&#8212;&#8212;&#8212;&#8212;&#8212;&#8212;&#8212;&#8212;&#8212;&#8212;&#8212;&#8212;&#8212;&#8212;&#8212;&#8212;&#8212;&#8212;&#8212;&#8212;&#8212;&#8212;&#8212;&#8211;<\/p>\n<p>N\u00f3s, da &#8220;Cl\u00ednica Maso&#8221;, somos uma empresa que oferece diversos canais de comunica\u00e7\u00e3o com o objetivo de melhorar o relacionamento entre fornecedores e clientes, de forma transparente e colaborativa.<\/p>\n<p>Desenvolvemos esse documento em aten\u00e7\u00e3o \u00e0 privacidade e prote\u00e7\u00e3o dos dados de nossos usu\u00e1rios e clientes (\u201cVoc\u00ea\u201d). Quando Voc\u00ea acessar ou interagir com o nosso site e servi\u00e7os, podemos guardar algumas informa\u00e7\u00f5es (\u201cDados\u201d ou \u201cDados Pessoais\u201d) sobre Voc\u00ea. Elaboramos esta Pol\u00edtica de Privacidade (\u201cPol\u00edtica\u201d) com o intuito de esclarecer como seus Dados Pessoais podem ser coletados, usados, compartilhados e armazenados por N\u00f3s.<\/p>\n<p>A aceita\u00e7\u00e3o desta Pol\u00edtica ser\u00e1 feita quando Voc\u00ea acessar ou interagir com o site ou, quando aplic\u00e1vel, Voc\u00ea concordar de forma afirmativa com o uso dos seus Dados Pessoais para cada uma das finalidades por N\u00f3s aqui descritas. Dessa forma, Voc\u00ea estar\u00e1 ciente e em total acordo com o modo como utilizaremos as suas informa\u00e7\u00f5es e os seus Dados Pessoais. Caso n\u00e3o concorde com esta Pol\u00edtica, por favor, n\u00e3o continue utilizando nosso site. Pedimos apenas que nos explique o motivo de discord\u00e2ncia para que possamos melhorar nosso servi\u00e7o.<\/p>\n<p>1- Com o intuito de facilitar a compreens\u00e3o, dividimos a Pol\u00edtica da seguinte forma:<\/p>\n<p>Uso de dados: Leg\u00edtimo Interesse e consentimento<\/p>\n<p>Quais os dados que coletamos para cadastro no site:<\/p>\n<p>Acesso ao site:<\/p>\n<p>IP, data e hora de acesso, cookies, fonte de refer\u00eancia, tipo de navegador, dura\u00e7\u00e3o da visita e p\u00e1ginas visitadas.<\/p>\n<p>Cadastro do Cliente: Nome, sobrenome, e-mail pessoal, celular<\/p>\n<p>Para o An\u00fancio: Raz\u00e3o social, CNPJ, Estado, Cidade, n\u00famero de telefone e e-mail.<\/p>\n<p>Cadastro para Geolocaliza\u00e7\u00e3o do estabelecimento: Endere\u00e7o, n\u00famero, Cidade e Estado<\/p>\n<p>Produ\u00e7\u00e3o do an\u00fancio para atendimento: Nome pessoa f\u00edsica ou jur\u00eddica, Endere\u00e7o, Estado, Cidade, Telefone, Redes Sociais, Site, E-mail<\/p>\n<p>Produ\u00e7\u00e3o de Relat\u00f3rio: Dados estat\u00edsticos de acessos \u00e0s mat\u00e9rias, clicks no an\u00fancio ou banner. Coment\u00e1rios no an\u00fancio.<\/p>\n<p>Envio de E-mail Marketing para divulga\u00e7\u00e3o de not\u00edcias, divulga\u00e7\u00e3o de produtos e servi\u00e7os, novas funcionalidades, eventos, cursos, informativos: Nome completo e E-mail<\/p>\n<p>2- Com quem a &#8220;Cl\u00ednica Maso&#8221; compartilha os seus dados?<\/p>\n<p>Por oferecer plataformas online, a &#8220;Cl\u00ednica Maso&#8221; poder\u00e1 operar em conjunto com outras empresas numa ampla gama de atividades, inclusive para hospedagem, armazenamento de dados, analytics, indexa\u00e7\u00e3o em mecanismo de buscas, entre outras. Dessa forma, nos reservamos no direito de compartilhar suas informa\u00e7\u00f5es, incluindo Dados Pessoais, conforme os casos indicados abaixo. Adotaremos, sempre firmaremos cl\u00e1usulas rigorosas em nossos contratos, visando preservar ao m\u00e1ximo a sua privacidade.<\/p>\n<p>N\u00f3s poderemos vir a compartilhar seus Dados Pessoais nos seguintes casos:<\/p>\n<p>Com os usu\u00e1rios da &#8220;Cl\u00ednica Maso&#8221; e seus Apps<\/p>\n<p>Sempre que Voc\u00ea fizer um an\u00fancio, banner, mat\u00e9ria, reclama\u00e7\u00e3o, solicita\u00e7\u00e3o coment\u00e1rio, ou gerar um classificado gratuito em nosso site, compartilharemos os Dados fornecidos com os usu\u00e1rios da &#8220;Cl\u00ednica Maso&#8221;. N\u00f3s nos esfor\u00e7amos para proteger a privacidade de seus Dados Pessoais, mas infelizmente n\u00e3o podemos garantir o correto manuseio dos Dados Pessoais por terceiros, que utilizam, divulgam e protegem os Dados Pessoais de acordo com suas respectivas pol\u00edticas de privacidade.<\/p>\n<p>\u00c9 importante lembrar que todo o conte\u00fado publicado por Voc\u00ea em nossos sites \u00e9 disponibilizado publicamente, estando, portanto, dispon\u00edvel para consulta e pesquisa da comunidade de usu\u00e1rios do Site e Apps da &#8220;Cl\u00ednica Maso&#8221;<\/p>\n<p>Nossos Fornecedores:<\/p>\n<p>Temos uma s\u00e9rie de fornecedores que precisamos contratar para operar nosso site e oferecer os nossos servi\u00e7os, e alguns deles podem tratar em nosso nome os Dados Pessoais que coletamos. Por exemplo, usamos servi\u00e7os de hospedagem, armazenamento de dados, analytics, indexa\u00e7\u00e3o em mecanismo de buscas, e contratamos servi\u00e7os de pesquisa de mercado para melhorar a sua experi\u00eancia em nosso site. N\u00f3s nos esfor\u00e7amos para proteger a privacidade de seus Dados Pessoais, mas infelizmente n\u00e3o podemos garantir o correto manuseio dos Dados Pessoais por terceiros, que utilizam, divulgam e protegem os Dados Pessoais de acordo com suas respectivas pol\u00edticas de privacidade.<\/p>\n<p>Quais s\u00e3o os direitos dos titulares de dados?<br \/>\nVoc\u00ea sempre poder\u00e1 optar por n\u00e3o divulgar seus Dados Pessoais para N\u00f3s, mas tenha em mente que esses Dados podem ser necess\u00e1rios para usufruir alguns de nossos recursos disponibilizados em nosso site e apps. Independentemente disso, Voc\u00ea sempre possuir\u00e1 direitos relativos \u00e0 privacidade e \u00e0 prote\u00e7\u00e3o dos seus Dados Pessoais, e al\u00e9m de nos preocuparmos com a seguran\u00e7a desses Dados, tamb\u00e9m nos preocupamos que Voc\u00ea tenha acesso e conhecimento de todos os seus direitos relativos ao tratamento de seus Dados Pessoais.<\/p>\n<p>Nesse sentido, expomos abaixo uma breve explica\u00e7\u00e3o e exemplos sobre alguns desses direitos:<\/p>\n<p>Direito a<\/p>\n<p>Requisi\u00e7\u00e3o de acesso aos seus Dados Pessoais.<\/p>\n<p>Conceito:<\/p>\n<p>Este direito permite que Voc\u00ea possa requisitar e receber uma c\u00f3pia dos seus Dados Pessoais que N\u00f3s possu\u00edmos sobre Voc\u00ea.<\/p>\n<p>Requisi\u00e7\u00e3o de retifica\u00e7\u00e3o dos seus Dados Pessoais.<\/p>\n<p>Conceito:<\/p>\n<p>Este direito permite que Voc\u00ea, a qualquer momento, solicite a corre\u00e7\u00e3o e\/ou retifica\u00e7\u00e3o dos seus Dados Pessoais, caso Voc\u00ea identifique que alguns deles est\u00e3o incorretos. Contudo, para ser efetivada essa corre\u00e7\u00e3o, possivelmente, precisaremos checar a validade dos Dados que Voc\u00ea nos fornece.<\/p>\n<p>Requisi\u00e7\u00e3o de exclus\u00e3o ou cancelamento dos seus Dados Pessoais.<\/p>\n<p>Conceito:<\/p>\n<p>Este direito permite que Voc\u00ea solicite a exclus\u00e3o dos seus Dados Pessoais da nossa base de dados. Todos os Dados coletados ser\u00e3o exclu\u00eddos de nossos servidores quando Voc\u00ea assim requisitar ou quando estes n\u00e3o forem mais necess\u00e1rios ou relevantes para os nossos servi\u00e7os, salvo se houver qualquer outra raz\u00e3o para a sua manuten\u00e7\u00e3o, como eventual obriga\u00e7\u00e3o legal de reten\u00e7\u00e3o de Dados ou necessidade de preserva\u00e7\u00e3o destes para resguardo de direitos da &#8220;Cl\u00ednica Maso&#8221;<\/p>\n<p>Direito de obje\u00e7\u00e3o ao tratamento de Dados Pessoais.<\/p>\n<p>Conceito:<\/p>\n<p>Voc\u00ea tamb\u00e9m tem o direito de contestar onde e em que contexto estamos tratando seus Dados Pessoais para diferentes finalidades. Em determinadas situa\u00e7\u00f5es, podemos demonstrar que temos motivos leg\u00edtimos para tratar seus Dados, os quais se sobrep\u00f5em aos seus direitos, caso, por exemplo, sejam estritamente essenciais para a funcionalidade do nosso site e servi\u00e7os.<\/p>\n<p>Solicitar a portabilidade.<\/p>\n<p>Conceito:<\/p>\n<p>Forneceremos a Voc\u00ea, ou a terceiros que Voc\u00ea escolher, seus Dados Pessoais em formato estruturado e interoper\u00e1vel.<\/p>\n<p>Direito de retirar o consentimento a qualquer momento.<\/p>\n<p>Conceito:<\/p>\n<p>Voc\u00ea tem o direito de retirar o seu consentimento, no entanto, isso n\u00e3o afetar\u00e1 a legalidade de qualquer processamento realizado antes de Voc\u00ea retirar o seu consentimento. Se Voc\u00ea retirar o seu consentimento, talvez n\u00e3o possamos fornecer determinados servi\u00e7os. E se for este o caso, iremos avis\u00e1-lo quando isso ocorrer.<\/p>\n<p>Direito a revis\u00e3o de decis\u00f5es automatizadas.<\/p>\n<p>Conceito:<\/p>\n<p>Voc\u00ea tamb\u00e9m tem o direito de solicitar a revis\u00e3o de decis\u00f5es tomadas unicamente com base em tratamento automatizado de seus Dados Pessoais que afetem seus interesses.<\/p>\n<p>Talvez seja necess\u00e1rio solicitar informa\u00e7\u00f5es espec\u00edficas suas para nos ajudar a confirmar sua identidade e garantir seu direito de acessar seus Dados Pessoais (ou de exercer seus outros direitos). Esta \u00e9 uma medida de seguran\u00e7a para garantir que os Dados Pessoais n\u00e3o sejam divulgados a qualquer pessoa que n\u00e3o tenha direito de receb\u00ea-los. Podemos tamb\u00e9m contat\u00e1-lo para obter mais informa\u00e7\u00f5es em rela\u00e7\u00e3o \u00e0 sua solicita\u00e7\u00e3o, a fim de acelerar nossa resposta.<\/p>\n<p>A confirma\u00e7\u00e3o de exist\u00eancia ou acesso aos seus dados ser\u00e1 disponibilizado imediatamente de maneira simplificada via acesso a \u00e1rea do cliente. Para solicita\u00e7\u00e3o completa ou com m\u00faltiplas solicita\u00e7\u00f5es, o prazo de entrega da declara\u00e7\u00e3o \u00e9 15(quinze) dias a contar de sua solicita\u00e7\u00e3o. Neste caso, iremos notific\u00e1-lo e mant\u00ea-lo atualizado sobre o andamento da sua solicita\u00e7\u00e3o.<\/p>\n<p>Por quanto tempo os dados ser\u00e3o armazenados?<br \/>\nN\u00f3s manteremos seus Dados Pessoais somente pelo tempo que for necess\u00e1rio para cumprir com as finalidades para as quais os coletamos, inclusive para fins de cumprimento de quaisquer obriga\u00e7\u00f5es contratuais, de presta\u00e7\u00e3o de contas.<\/p>\n<p>Para determinar o per\u00edodo de reten\u00e7\u00e3o adequado para os Dados Pessoais, consideramos a quantidade, a natureza da contrata\u00e7\u00e3o ou solicita\u00e7\u00e3o de divulga\u00e7\u00e3o dos Dados Pessoais,. Ap\u00f3s encerradas todas as finalidades que justificavam o tratamento dos Dados sobre Voc\u00ea no nosso site e servi\u00e7os, estes Dados ser\u00e3o eliminados<\/p>\n<p>Como funciona a Seguran\u00e7a da Informa\u00e7\u00e3o do &#8220;Cl\u00ednica Maso&#8221;?<br \/>\nCom a finalidade de garantir a seguran\u00e7a de seus Dados Pessoais em nossos servi\u00e7os, adotamos as melhores pr\u00e1ticas de seguran\u00e7a da informa\u00e7\u00e3o dispon\u00edveis, incluindo:<\/p>\n<p>O Site &#8220;Cl\u00ednica Maso&#8221; utiliza o certificado SSL no tr\u00e1fego de Dados Pessoais via internet<br \/>\nO Site &#8220;Cl\u00ednica Maso&#8221; utiliza m\u00e9todos padr\u00e3o e de mercado para a seguran\u00e7a dos seus Dados coletados, como gest\u00e3o e controle de acesso ao banco de dados e criptografia de senhas;<br \/>\nO Site &#8220;Cl\u00ednica Maso&#8221; possui prote\u00e7\u00e3o contra acesso n\u00e3o autorizado a seus sistemas; e<br \/>\nA ado\u00e7\u00e3o de procedimentos preventivos contra incidentes de seguran\u00e7a da informa\u00e7\u00e3o.<br \/>\nN\u00f3s nos esfor\u00e7amos para proteger a privacidade de sua conta e de outros Dados Pessoais que mantemos seus em nossos registros, mas infelizmente n\u00e3o podemos garantir total seguran\u00e7a. Entrada ou uso n\u00e3o autorizado de conta, falha de hardware ou software e outros fatores podem comprometer a seguran\u00e7a dos seus Dados Pessoais a qualquer momento, por isso, nos ajude a manter um ambiente seguro para todos. Al\u00e9m de adotar boas pr\u00e1ticas de seguran\u00e7a em rela\u00e7\u00e3o \u00e0 sua conta e aos seus Dados, caso Voc\u00ea identifique ou tome conhecimento de algo que comprometa a seguran\u00e7a dos seus Dados, por favor entre em contato conosco.<\/p>\n<p>Transfer\u00eancia Internacional<br \/>\nO Site &#8220;Cl\u00ednica Maso&#8221; possui sua sede no Brasil e os dados que coletamos s\u00e3o regidos pela lei brasileira. Os Dados que coletamos est\u00e3o hospedados em servidores da King Host, Google e RD Station, localizados no Brasil, Chile e EUA.<\/p>\n<p>Ao acessar ou usar nosso site e nossos servi\u00e7os, ou fornecer Dados Pessoais para n\u00f3s, Voc\u00ea concorda com o processamento e a transfer\u00eancia de tais Dados para o Brasil e para Estados Unidos e Chile. Estes Dados poder\u00e3o estar sujeitos \u00e0 legisla\u00e7\u00e3o local e as regras pertinentes.<\/p>\n<p>Como falar com o Site &#8220;Cl\u00ednica Maso&#8221;?<br \/>\nSe Voc\u00ea tiver quaisquer outras d\u00favidas sobre como utilizamos seus Dados, coment\u00e1rios ou sugest\u00f5es relacionados a esta Pol\u00edtica, ou, ainda, Voc\u00ea acredita que seus Dados Pessoais foram usados de maneira incompat\u00edvel com esta Pol\u00edtica de Privacidade ou com as suas escolhas enquanto titular destes Dados Pessoais, Voc\u00ea pode entrar em contato com nosso time atrav\u00e9s do e-mail: contato@clinicaairtonmaso.com.br<\/p>\n<p>Atualiza\u00e7\u00f5es dessa Pol\u00edtica<br \/>\nComo estamos sempre buscando melhorar nosso site e servi\u00e7os, esta Pol\u00edtica pode passar por atualiza\u00e7\u00f5es, visando fornecer a Voc\u00ea mais seguran\u00e7a, conveni\u00eancia e melhorar cada vez mais a sua experi\u00eancia. \u00c9 por isso que recomendamos que Voc\u00ea acesse nossa Pol\u00edtica periodicamente, para que Voc\u00ea tenha conhecimento sobre as modifica\u00e7\u00f5es. Para facilitar, indicamos no final do documento a data da \u00faltima atualiza\u00e7\u00e3o. Caso sejam feitas altera\u00e7\u00f5es relevantes que ensejem novas autoriza\u00e7\u00f5es suas, iremos publicar essa atualiza\u00e7\u00e3o e solicitar um novo consentimento seu.<\/p>\n<p>\u00daltima Atualiza\u00e7\u00e3o: 16 do 10 de 23<\/p>\n<p>LEI LGPD<\/p>\n<p>Privacidade:<\/p>\n<p>A \u201cCl\u00ednica Maso\u201d zela pela privacidade e prote\u00e7\u00e3o dos dados pessoais de seus clientes e visitantes, mantendo assim a rela\u00e7\u00e3o de confian\u00e7a, respeito e transpar\u00eancia. Apenas pessoal qualificado e autorizado tem permiss\u00e3o para acessar os dados coletados. Em nenhuma circunst\u00e2ncia, tais informa\u00e7\u00f5es s\u00e3o vendidas ou compartilhadas com terceiros, de acordo com a LGPD (lei 13.709, de 2018.)<\/p>\n","protected":false},"excerpt":{"rendered":"<p>Par\u00e2metros de seguran\u00e7a\u00a0 p\u00e1ginas de contato; Sim formul\u00e1rios para inscri\u00e7\u00e3o em newsletters e landing pages; Sim pol\u00edticas de privacidade; Sim seguran\u00e7a do site; Sim uso de cookies; Sim requisitos para inibir a viola\u00e7\u00e3o de dados; Sim (n\u00e3o ficamos com dados no website) &#8212;&#8212;&#8212;&#8212;&#8212;&#8212;&#8212;&#8212;&#8212;&#8212;&#8212;&#8212;&#8212;&#8212;&#8212;&#8212;&#8212;&#8212;&#8212;&#8212;&#8212;&#8212;&#8212;&#8212;&#8212;&#8212;&#8212;&#8212;&#8212;&#8212;&#8212;&#8212;&#8212;&#8212;&#8212;&#8212;&#8212;&#8212;&#8212;&#8212;&#8212;&#8212;&#8212;&#8212;&#8211; N\u00f3s, da &#8220;Cl\u00ednica Maso&#8221;, somos uma empresa que oferece diversos canais de [&hellip;]<\/p>\n","protected":false},"author":1,"featured_media":0,"parent":0,"menu_order":0,"comment_status":"closed","ping_status":"closed","template":"","meta":{"_et_pb_use_builder":"","_et_pb_old_content":"","_et_gb_content_width":"","footnotes":""},"class_list":["post-2341","page","type-page","status-publish","hentry"],"_links":{"self":[{"href":"https:\/\/clinicaairtonmaso.com.br\/site\/wp-json\/wp\/v2\/pages\/2341","targetHints":{"allow":["GET"]}}],"collection":[{"href":"https:\/\/clinicaairtonmaso.com.br\/site\/wp-json\/wp\/v2\/pages"}],"about":[{"href":"https:\/\/clinicaairtonmaso.com.br\/site\/wp-json\/wp\/v2\/types\/page"}],"author":[{"embeddable":true,"href":"https:\/\/clinicaairtonmaso.com.br\/site\/wp-json\/wp\/v2\/users\/1"}],"replies":[{"embeddable":true,"href":"https:\/\/clinicaairtonmaso.com.br\/site\/wp-json\/wp\/v2\/comments?post=2341"}],"version-history":[{"count":1,"href":"https:\/\/clinicaairtonmaso.com.br\/site\/wp-json\/wp\/v2\/pages\/2341\/revisions"}],"predecessor-version":[{"id":2343,"href":"https:\/\/clinicaairtonmaso.com.br\/site\/wp-json\/wp\/v2\/pages\/2341\/revisions\/2343"}],"wp:attachment":[{"href":"https:\/\/clinicaairtonmaso.com.br\/site\/wp-json\/wp\/v2\/media?parent=2341"}],"curies":[{"name":"wp","href":"https:\/\/api.w.org\/{rel}","templated":true}]}}